{"id":6759,"date":"2025-07-13T15:03:41","date_gmt":"2025-07-13T14:03:41","guid":{"rendered":"https:\/\/safetyfirst.ch\/welche-konkreten-faehigkeiten-lernt-man-in-einer-bls-aed-ausbildung\/"},"modified":"2025-12-05T08:16:07","modified_gmt":"2025-12-05T07:16:07","slug":"welche-konkreten-faehigkeiten-lernt-man-in-einer-bls-aed-ausbildung","status":"publish","type":"page","link":"https:\/\/safetyfirst.ch\/de\/zertifizierte-erste-hilfe-ausbildungen\/bls-aed-src-komplettkurs\/wozu-dient-eine-bls-aed-ausbildung-im-alltag\/welche-konkreten-faehigkeiten-lernt-man-in-einer-bls-aed-ausbildung\/","title":{"rendered":"Welche konkreten F\u00e4higkeiten lernt man in einer BLS-AED-Ausbildung?"},"content":{"rendered":"\t\t<div data-elementor-type=\"wp-page\" data-elementor-id=\"6759\" class=\"elementor elementor-6759 elementor-5176\" data-elementor-post-type=\"page\">\n\t\t\t\t<div class=\"elementor-element elementor-element-79933fc4 e-con-full e-flex e-con e-parent\" data-id=\"79933fc4\" data-element_type=\"container\" data-e-type=\"container\" data-settings=\"{&quot;background_background&quot;:&quot;gradient&quot;}\">\n\t\t<div class=\"elementor-element elementor-element-a55b9ca e-flex e-con-boxed e-con e-child\" data-id=\"a55b9ca\" data-element_type=\"container\" data-e-type=\"container\">\n\t\t\t\t\t<div class=\"e-con-inner\">\n\t\t\t\t<div class=\"elementor-element elementor-element-5a4b4590 elementor-widget elementor-widget-text-editor\" data-id=\"5a4b4590\" data-element_type=\"widget\" data-e-type=\"widget\" data-widget_type=\"text-editor.default\">\n\t\t\t\t<div class=\"elementor-widget-container\">\n\t\t\t\t\t\t\t\t\t<p>Wenn eine Person pl\u00f6tzlich zusammenbricht, z\u00e4hlt jede Sekunde. Genau in solchen kritischen Momenten kommen die in einer <strong>BLS-AED-Ausbildung<\/strong> erworbenen praktischen F\u00e4higkeiten zum Tragen. Im Rahmen der gesamten Ersten Hilfe ist diese Ausbildung ein unverzichtbarer Bestandteil, um bei einem Herzstillstand schnell und effizient reagieren zu k\u00f6nnen. Sie vermittelt technische, reproduzierbare und lebensrettende Ma\u00dfnahmen, mit denen das Opfer bis zum Eintreffen der professionellen Rettungskr\u00e4fte stabilisiert werden kann. Ob in der Familie, an einem \u00f6ffentlichen Ort oder am Arbeitsplatz \u2013 die Beherrschung der Grundlagen der BLS-AED ist ein wirksames Mittel, um Leben zu retten. Um den Nutzen dieser Ma\u00dfnahme in ihrer Gesamtheit zu verstehen, ist es wichtig, sich ausf\u00fchrlich \u00fcber <strong><a href=\"\/formations-premiers-secours-certifiees\/bls-aed-src-complet\/utilite-bls-aed\/\">den allgemeinen Nutzen der BLS-AED-Ausbildung<\/a><\/strong> zu informieren.<\/p>\n\t\t\t\t\t\t\t\t<\/div>\n\t\t\t\t<\/div>\n\t\t\t\t<div class=\"elementor-element elementor-element-167622f7 elementor-widget elementor-widget-heading\" data-id=\"167622f7\" data-element_type=\"widget\" data-e-type=\"widget\" data-settings=\"{&quot;_animation&quot;:&quot;none&quot;}\" data-widget_type=\"heading.default\">\n\t\t\t\t<div class=\"elementor-widget-container\">\n\t\t\t\t\t<h2 class=\"elementor-heading-title elementor-size-default\">Welche konkreten F\u00e4higkeiten lernt man in einer BLS-AED-Ausbildung?<\/h2>\t\t\t\t<\/div>\n\t\t\t\t<\/div>\n\t\t\t\t<div class=\"elementor-element elementor-element-7ff9021f elementor-widget elementor-widget-text-editor\" data-id=\"7ff9021f\" data-element_type=\"widget\" data-e-type=\"widget\" data-widget_type=\"text-editor.default\">\n\t\t\t\t<div class=\"elementor-widget-container\">\n\t\t\t\t\t\t\t\t\t<p>Durch die Teilnahme an einer BLS-AED-Schulung erwerben Sie wichtige praktische F\u00e4higkeiten, um bei einem Herz-Kreislauf-Stillstand effektiv reagieren zu k\u00f6nnen. Diese F\u00e4higkeiten basieren auf einer Kombination aus technischen Handgriffen, geeigneten Reflexen und dem Verst\u00e4ndnis der Priorit\u00e4ten bei der Hilfeleistung.<\/p>\n<p>Die erste Kompetenz ist die <strong>sichere Beurteilung der Situation<\/strong>, die die Analyse der Gefahren, den pers\u00f6nlichen Schutz und die \u00dcberpr\u00fcfung des Bewusstseinszustands und der Atmung des Opfers umfasst. Dieser Schritt wird durch den <strong>X-ABCDE-Algorithmus<\/strong> geleitet, der die Ma\u00dfnahmen nach lebenswichtigen Priorit\u00e4ten strukturiert.<\/p>\n<p>Anschlie\u00dfend folgt die <strong>sofortige Alarmierung der Rettungskr\u00e4fte<\/strong>. Die Teilnehmer lernen, die Notrufnummer 144 zu w\u00e4hlen, einen Freisprech-Anruf zu t\u00e4tigen und die Anweisungen des Disponenten zu befolgen, insbesondere bei der Echtzeit-Anleitung zur Herzdruckmassage. <\/p>\n<p>Die Beherrschung der <strong>externen Herzdruckmassage<\/strong> ist eine grundlegende S\u00e4ule. In der Schulung werden die richtige Positionierung der H\u00e4nde, eine Tiefe von 5 bis 6 cm, eine Frequenz von 100 bis 120 Kompressionen pro Minute sowie das Einhalten einer ausreichenden Entspannung zwischen den einzelnen Kompressionen (Recoil) vermittelt. Zur Gew\u00e4hrleistung der Qualit\u00e4t wird die Verwendung eines <strong>Metronoms oder eines elektronischen Feedback-Ger\u00e4ts<\/strong> empfohlen.<\/p>\n<p>Die Teilnehmer lernen auch, wie man <strong>k\u00fcnstliche Beatmung<\/strong> (Mund-zu-Mund-Beatmung oder \u00fcber eine Maske) durchf\u00fchrt, die <strong>Atemwege<\/strong> bei Bedarf freimacht und zu kontinuierlichen Kompressionen \u00fcbergeht, wenn Beatmungen nicht m\u00f6glich sind.<\/p>\n<p>Die Verwendung des <strong>automatisierten externen Defibrillators (AED)<\/strong> wird genau behandelt: sofortige Inbetriebnahme, Positionierung der Elektroden, schnelle Analyse und Verabreichung des Schocks innerhalb von 3 bis 5 Minuten nach dem Zusammenbruch.p><\/p>\n<p>Schlie\u00dflich umfassen die Kompetenzen auch die Einweisung in die <strong>stabile Seitenlage<\/strong>, die Behandlung von <strong>Erstickungsanf\u00e4llen<\/strong> (R\u00fcckenschl\u00e4ge, Heimlich-Man\u00f6ver), das Erkennen der Anzeichen eines <strong>Schlaganfalls<\/strong> oder <strong>Herzinfarkts<\/strong> sowie spezifische Anpassungen f\u00fcr <strong>Kinder und S\u00e4uglinge<\/strong>. All dies geschieht in einem schweizerischen Rechtsrahmen, der das Handeln in gutem Glauben f\u00f6rdert und die Rolle des <strong>Ersthelfers<\/strong> aufwertet.<\/p>\n\t\t\t\t\t\t\t\t<\/div>\n\t\t\t\t<\/div>\n\t\t\t\t\t<\/div>\n\t\t\t\t<\/div>\n\t\t\t\t<\/div>\n\t\t<div class=\"elementor-element elementor-element-4d8e3c3 e-flex e-con-boxed e-con e-parent\" data-id=\"4d8e3c3\" data-element_type=\"container\" data-e-type=\"container\">\n\t\t\t\t\t<div class=\"e-con-inner\">\n\t\t\t\t<div class=\"elementor-element elementor-element-74617c2 content elementor-widget elementor-widget-text-editor\" data-id=\"74617c2\" data-element_type=\"widget\" data-e-type=\"widget\" data-widget_type=\"text-editor.default\">\n\t\t\t\t<div class=\"elementor-widget-container\">\n\t\t\t\t\t\t\t\t\t<h3>Die Herzmassage f\u00fcr maximale Wirksamkeit beherrschen<\/h3>\n<p>Die Herzmassage ist eine der wichtigsten Ma\u00dfnahmen, die in der BLS-AED-Ausbildung vermittelt werden. Sie erm\u00f6glicht es, eine minimale Durchblutung aufrechtzuerhalten, bis die Defibrillation oder der Rettungsdienst eintrifft. Eine <a href=\"https:\/\/safetyfirst.ch\/de\/lebensrettende-massnahmen-erlernen-von-herz-lungen-wiederbelebungstechniken\/\"><strong>gute Herzmassagetechnik<\/strong><\/a> \u2013 Handposition, Kompressionstiefe, konstanter Rhythmus \u2013 maximiert die \u00dcberlebenschancen des Opfers.<\/p>\n<h3>Schritt f\u00fcr Schritt lernen, wie man einen AED-Defibrillator benutzt<\/h3>\n<p>Die Verwendung eines Defibrillators ist nicht kompliziert, sofern man darin geschult ist. W\u00e4hrend des Kurses lernen die Teilnehmer <a href=\"https:\/\/safetyfirst.ch\/de\/wie-man-einen-defibrillator-aed-im-notfall-benutzt-der-leitfaden-zur-lebensrettung\/\"><strong>die wesentlichen Schritte f\u00fcr die sichere Verwendung des AED<\/strong> kennen:<\/a> Einschalten, korrektes Anlegen der Elektroden, Befolgen der Sprachanweisungen. Jede Minute z\u00e4hlt, und dieses Know-how verk\u00fcrzt die Reaktionszeit. <\/p>\n<h3>Erkennen eines Herzstillstands bei Erwachsenen und Kindern<\/h3>\n<p>Es ist entscheidend, die Anzeichen eines Herzstillstands \u2013 Bewusstlosigkeit, abnormale oder ausbleibende Atmung \u2013 erkennen zu k\u00f6nnen. Die Schulung hilft dabei, <strong>einen Herzstillstand bei Erwachsenen und Kindern schnell zu erkennen<\/strong>, sodass von Anfang an schnell und angemessen gehandelt werden kann. <\/p>\n<h3>Die richtigen Reflexe bei einem bewusstlosen Opfer, das atmet<\/h3>\n<p>Bei einem bewusstlosen Opfer, das noch atmet, \u00e4ndern sich die richtigen Ma\u00dfnahmen. Die Teilnehmer lernen, <strong>die Person in eine sichere Position zu bringen<\/strong>, ihre Atmung zu \u00fcberwachen und sich darauf vorzubereiten, zu handeln, wenn sich ihr Zustand \u00e4ndert. <\/p>\n<h3>Freimachen der Atemwege bei Erwachsenen: lebensrettende Ma\u00dfnahmen<\/h3>\n<p>Eine Erstickung kann schnell eskalieren. In der Ausbildung lernen die Teilnehmer <a href=\"https:\/\/safetyfirst.ch\/de\/wirksame-techniken-zur-freimachung-der-atemwege-bei-erwachsenen\/\"><strong>die Vorgehensweise zur Freimachung der Atemwege<\/strong><\/a>, einschlie\u00dflich R\u00fcckenklopfen und Bauchkompressionen, um effektiv reagieren zu k\u00f6nnen.<\/p>\n<h3>Reanimation eines Kindes im Vergleich zu einem Erwachsenen: Unterschiede verstehen<\/h3>\n<p>Die p\u00e4diatrische Reanimation erfordert spezifische Anpassungen: Tiefe der Herzdruckmassage, Anzahl der Beatmungen, Art der AED-Elektroden. Dank der Schulung erwirbt man die F\u00e4higkeiten, um <strong>die Wiederbelebung an das Alter des Opfers anzupassen<\/strong>.<\/p>\n<h3>Die ersten Anzeichen eines Schlaganfalls erkennen, um rechtzeitig Alarm zu schlagen<\/h3>\n<p>Die Fr\u00fcherkennung der Anzeichen eines Schlaganfalls ist eine wesentliche F\u00e4higkeit. Die FAST-Methode (Face, Arm, Speech, Time) erm\u00f6glicht eine <strong>schnelle Erkennung der Symptome<\/strong> und eine sofortige Alarmierung der entsprechenden Dienste. <\/p>\n<h3>Effektive Alarmierung der Rettungskr\u00e4fte in Notf\u00e4llen<\/h3>\n<p>Ein gut formulierter Notruf spart lebenswichtige Zeit. Die Auszubildenden lernen, <strong>klare und pr\u00e4zise Informationen zu geben<\/strong>, ruhig zu bleiben und die Anweisungen des Disponenten bis zum Eintreffen der Rettungskr\u00e4fte zu befolgen. M\u00f6chten Sie zu Schritt 6 (Links zu den Schwesterseiten) weitergehen?<\/p>\n\t\t\t\t\t\t\t\t<\/div>\n\t\t\t\t<\/div>\n\t\t\t\t<div class=\"elementor-element elementor-element-dac4462 content elementor-widget elementor-widget-text-editor\" data-id=\"dac4462\" data-element_type=\"widget\" data-e-type=\"widget\" data-widget_type=\"text-editor.default\">\n\t\t\t\t<div class=\"elementor-widget-container\">\n\t\t\t\t\t\t\t\t\t<h4>Vertiefung der Kenntnisse zur Behandlung eines Herzstillstands und Vermeidung h\u00e4ufiger Fehler<\/h4>\n<ul>\n<li>\n<p><a href=\"https:\/\/safetyfirst.ch\/de\/lebensrettende-massnahmen-erlernen-von-herz-lungen-wiederbelebungstechniken\/\"><strong>Die richtigen Ma\u00dfnahmen vor Eintreffen des Rettungsdienstes<\/strong><\/a>: Erfahren Sie, welche Sofortma\u00dfnahmen Sie ergreifen m\u00fcssen, wenn eine Person zusammenbricht. Auf dieser Seite erfahren Sie, <strong>was Sie bei einem Herzstillstand tun m\u00fcssen<\/strong>, auch wenn Sie keine medizinische Ausr\u00fcstung zur Verf\u00fcgung haben.<\/p>\n<\/li>\n<li>\n<p><a href=\"\/zertifizierte-erste-hilfe-schulungen\/bls-aed-src-komplett\/nutzen-bls-aed\/h\u00e4ufige-fehler\/\"><strong>Fehler bei einer Intervention vermeiden<\/strong><\/a>: Selbst mit einer Schulung k\u00f6nnen bestimmte Fehler die Wirksamkeit einer BLS-AED beeintr\u00e4chtigen. Diese Ressource beleuchtet <strong>h\u00e4ufige Fehler in Notfallsituationen<\/strong>, um sie besser vorhersehen zu k\u00f6nnen. <\/p>\n<\/li>\n<li>\n<p><a href=\"\/zertifizierte-erste-hilfe-schulungen\/bls-aed-src-komplett\/nutzen-bls-aed\/leben-retten\/\"><strong>Ausbildung f\u00fcr besseres Handeln im realen Leben<\/strong><\/a>: Ob zu Hause oder im \u00f6ffentlichen Raum \u2013 die BLS-AED-Ausbildung macht jeden B\u00fcrger zu einem potenziellen Lebensretter. Entdecken Sie <strong>wie diese Ausbildung t\u00e4glich Leben rettet<\/strong>, mit konkreten Beispielen aus dem famili\u00e4ren und st\u00e4dtischen Umfeld.<\/p>\n\t\t\t\t\t\t\t\t<\/div>\n\t\t\t\t<\/div>\n\t\t\t\t\t<\/div>\n\t\t\t\t<\/div>\n\t\t\t\t<\/div>\n\t\t","protected":false},"excerpt":{"rendered":"<p>Wenn eine Person pl\u00f6tzlich zusammenbricht, z\u00e4hlt jede Sekunde. Genau in solchen kritischen Momenten kommen die in einer BLS-AED-Ausbildung erworbenen praktischen F\u00e4higkeiten zum Tragen. Im Rahmen der gesamten Ersten Hilfe ist diese Ausbildung ein unverzichtbarer Bestandteil, um bei einem Herzstillstand schnell und effizient reagieren zu k\u00f6nnen. Sie vermittelt technische, reproduzierbare und<span class=\"excerpt-hellip\"> [\u2026]<\/span><\/p>\n","protected":false},"author":5,"featured_media":0,"parent":6822,"menu_order":1,"comment_status":"closed","ping_status":"closed","template":"","meta":{"footnotes":""},"folder":[193],"class_list":["post-6759","page","type-page","status-publish","hentry"],"_links":{"self":[{"href":"https:\/\/safetyfirst.ch\/de\/wp-json\/wp\/v2\/pages\/6759","targetHints":{"allow":["GET"]}}],"collection":[{"href":"https:\/\/safetyfirst.ch\/de\/wp-json\/wp\/v2\/pages"}],"about":[{"href":"https:\/\/safetyfirst.ch\/de\/wp-json\/wp\/v2\/types\/page"}],"author":[{"embeddable":true,"href":"https:\/\/safetyfirst.ch\/de\/wp-json\/wp\/v2\/users\/5"}],"replies":[{"embeddable":true,"href":"https:\/\/safetyfirst.ch\/de\/wp-json\/wp\/v2\/comments?post=6759"}],"version-history":[{"count":1,"href":"https:\/\/safetyfirst.ch\/de\/wp-json\/wp\/v2\/pages\/6759\/revisions"}],"predecessor-version":[{"id":6760,"href":"https:\/\/safetyfirst.ch\/de\/wp-json\/wp\/v2\/pages\/6759\/revisions\/6760"}],"up":[{"embeddable":true,"href":"https:\/\/safetyfirst.ch\/de\/wp-json\/wp\/v2\/pages\/6822"}],"wp:attachment":[{"href":"https:\/\/safetyfirst.ch\/de\/wp-json\/wp\/v2\/media?parent=6759"}],"wp:term":[{"taxonomy":"folder","embeddable":true,"href":"https:\/\/safetyfirst.ch\/de\/wp-json\/wp\/v2\/folder?post=6759"}],"curies":[{"name":"wp","href":"https:\/\/api.w.org\/{rel}","templated":true}]}}