{"id":6784,"date":"2025-07-13T15:51:31","date_gmt":"2025-07-13T14:51:31","guid":{"rendered":"https:\/\/safetyfirst.ch\/was-sind-haeufige-fehler-bei-einer-bls-aed-massnahme\/"},"modified":"2025-12-05T08:16:10","modified_gmt":"2025-12-05T07:16:10","slug":"was-sind-haeufige-fehler-bei-einer-bls-aed-massnahme","status":"publish","type":"page","link":"https:\/\/safetyfirst.ch\/de\/zertifizierte-erste-hilfe-ausbildungen\/bls-aed-src-komplettkurs\/wozu-dient-eine-bls-aed-ausbildung-im-alltag\/was-sind-haeufige-fehler-bei-einer-bls-aed-massnahme\/","title":{"rendered":"Was sind h\u00e4ufige Fehler bei einer BLS-AED-Ma\u00dfnahme?"},"content":{"rendered":"\t\t<div data-elementor-type=\"wp-page\" data-elementor-id=\"6784\" class=\"elementor elementor-6784 elementor-5181\" data-elementor-post-type=\"page\">\n\t\t\t\t<div class=\"elementor-element elementor-element-79933fc4 e-con-full e-flex e-con e-parent\" data-id=\"79933fc4\" data-element_type=\"container\" data-e-type=\"container\" data-settings=\"{&quot;background_background&quot;:&quot;gradient&quot;}\">\n\t\t<div class=\"elementor-element elementor-element-a55b9ca e-flex e-con-boxed e-con e-child\" data-id=\"a55b9ca\" data-element_type=\"container\" data-e-type=\"container\">\n\t\t\t\t\t<div class=\"e-con-inner\">\n\t\t\t\t<div class=\"elementor-element elementor-element-5a4b4590 elementor-widget elementor-widget-text-editor\" data-id=\"5a4b4590\" data-element_type=\"widget\" data-e-type=\"widget\" data-widget_type=\"text-editor.default\">\n\t\t\t\t<div class=\"elementor-widget-container\">\n\t\t\t\t\t\t\t\t\t<p>Eine BLS-AED-Ma\u00dfnahme (Basic Life Support und automatisierte externe Defibrillation) ist ein lebenswichtiger Teil der Rettungskette bei Herzstillstand. Doch selbst bei bestem Willen k\u00f6nnen bestimmte technische oder koordinative Fehler ihre Wirksamkeit beeintr\u00e4chtigen. Das Verst\u00e4ndnis dieser Fehler erm\u00f6glicht nicht nur eine Verbesserung der Qualit\u00e4t der Ma\u00dfnahmen, sondern st\u00e4rkt auch das Vertrauen der Helfer, seien es Fachleute oder geschulte B\u00fcrger. Auf dieser Seite untersuchen wir die h\u00e4ufigsten Fehler, die in der Praxis beobachtet werden, von der Herzdruckmassage bis zum Einsatz des AED, ohne dabei organisatorische, ethische und rechtliche Aspekte zu vergessen. Diese Fehler sind sowohl leicht zu korrigieren als auch unbedingt zu vermeiden. Um die Bedeutung und den Nutzen einer solchen Ma\u00dfnahme besser zu verstehen, entdecken Sie <a href=\"\/formations-premiers-secours-certifiees\/bls-aed-src-complet\/utilite-bls-aed\/\"><strong>den Nutzen von BLS-AED bei der Behandlung von Herzstillst\u00e4nden<\/strong><\/a>.<\/p>\n\t\t\t\t\t\t\t\t<\/div>\n\t\t\t\t<\/div>\n\t\t\t\t<div class=\"elementor-element elementor-element-167622f7 elementor-widget elementor-widget-heading\" data-id=\"167622f7\" data-element_type=\"widget\" data-e-type=\"widget\" data-settings=\"{&quot;_animation&quot;:&quot;none&quot;}\" data-widget_type=\"heading.default\">\n\t\t\t\t<div class=\"elementor-widget-container\">\n\t\t\t\t\t<h2 class=\"elementor-heading-title elementor-size-default\">H\u00e4ufige Fehler bei BLS-AED-Ma\u00dfnahmen: Verstehen, um besser handeln zu k\u00f6nnen\n<\/h2>\t\t\t\t<\/div>\n\t\t\t\t<\/div>\n\t\t\t\t<div class=\"elementor-element elementor-element-7ff9021f elementor-widget elementor-widget-text-editor\" data-id=\"7ff9021f\" data-element_type=\"widget\" data-e-type=\"widget\" data-widget_type=\"text-editor.default\">\n\t\t\t\t<div class=\"elementor-widget-container\">\n\t\t\t\t\t\t\t\t\t<p>Bei einer BLS-AED-Ma\u00dfnahme z\u00e4hlt jede Handlung, und jeder Fehler kann sich direkt auf die \u00dcberlebenschancen des Opfers auswirken. Die Herzdruckmassage (oder CPR) ist der erste entscheidende Schritt. Ein h\u00e4ufiger Fehler ist die <strong>Verz\u00f6gerung beim Beginn der Herzdruckmassage<\/strong>, obwohl jede Sekunde ohne Durchblutung die Sauerstoffversorgung der Organe verringert. Zu h\u00e4ufige oder zu lange Unterbrechungen \u2013 um den Puls zu \u00fcberpr\u00fcfen oder das Opfer zu bewegen \u2013 beeintr\u00e4chtigen ebenfalls die Gesamtwirksamkeit der Wiederbelebungsma\u00dfnahmen.<\/p>\n<p>Die <strong>Position der H\u00e4nde<\/strong> wird oft falsch ausgef\u00fchrt: Wenn sie zu hoch oder zu tief angelegt werden, k\u00f6nnen sie zu Knochenbr\u00fcchen f\u00fchren oder ineffiziente Kompressionen verursachen. H\u00e4ufig wird auch eine <strong>ungeeignete Tiefe<\/strong> (weniger als 5 cm oder mehr als 6 cm bei Erwachsenen), einem unangemessenen <strong>Kompressionsrhythmus<\/strong> (idealerweise zwischen 100 und 120\/min) oder einem <strong>Mangel an Abl\u00f6sung des Herzdruckmassagegebers<\/strong> zu beobachten, was aufgrund von Erm\u00fcdung zu einer Qualit\u00e4tsminderung f\u00fchrt.<\/p>\n<p>Bei der <strong>Verwendung des AED-Defibrillators<\/strong> werden zahlreiche technische Fehler festgestellt: <strong>falsch positionierte Elektroden<\/strong>, die auf Kleidung oder nasser Haut kleben, <strong>Nichtbeachtung der Sprachanweisungen<\/strong> oder auch eine <strong>zu sp\u00e4te Wiederaufnahme der Herzdruckmassage nach einem Elektroschock<\/strong>. Die Verwendung von Elektroden, die nicht dem Alter des Opfers entsprechen, ist ebenfalls ein wiederkehrendes Problem. Zu diesen technischen Fehlern kommen <strong>organisatorische M\u00e4ngel<\/strong> hinzu: vergessene oder unvollst\u00e4ndige Alarmierung, schlechte Koordination zwischen den Helfern oder auch Z\u00f6gern, aus Angst vor Fehlern zu handeln. Es sei daran erinnert, dass <strong>Nicht-Handeln oft der schlimmste Fehler ist<\/strong>. Schlie\u00dflich hemmen manchmal auch <strong>ethische und rechtliche<\/strong> Bedenken die Ersthelfer: In der Schweiz sch\u00fctzt das Gesetz jedoch Handlungen, die in Notf\u00e4llen in gutem Glauben vorgenommen werden. Um die Wirksamkeit von Erste-Hilfe-Ma\u00dfnahmen zu verbessern, ist es unerl\u00e4sslich, diese Fehler zu verstehen, sie zu antizipieren und durch eine <strong>gr\u00fcndliche BLS-AED-Ausbildung<\/strong> zu korrigieren.<\/p>\n\t\t\t\t\t\t\t\t<\/div>\n\t\t\t\t<\/div>\n\t\t\t\t\t<\/div>\n\t\t\t\t<\/div>\n\t\t\t\t<\/div>\n\t\t<div class=\"elementor-element elementor-element-4d8e3c3 e-flex e-con-boxed e-con e-parent\" data-id=\"4d8e3c3\" data-element_type=\"container\" data-e-type=\"container\">\n\t\t\t\t\t<div class=\"e-con-inner\">\n\t\t\t\t<div class=\"elementor-element elementor-element-74617c2 content elementor-widget elementor-widget-text-editor\" data-id=\"74617c2\" data-element_type=\"widget\" data-e-type=\"widget\" data-widget_type=\"text-editor.default\">\n\t\t\t\t<div class=\"elementor-widget-container\">\n\t\t\t\t\t\t\t\t\t<h3>Fehler, die bei der Verwendung eines AED vermieden werden sollten<\/h3>\n<p>Die <strong>Verwendung eines automatisierten externen Defibrillators (AED)<\/strong> kann Leben retten, jedoch nur, wenn bestimmte h\u00e4ufige Fehler vermieden werden. Das Ger\u00e4t nicht sofort nach der Ankunft einschalten oder die Elektroden falsch anbringen sind h\u00e4ufige Fehler. Es ist entscheidend, die Elektroden auf trockener, unbehaarter Haut anzubringen und die Sprachanweisungen genau zu befolgen. Weitere Informationen zu diesen technischen Handgriffen finden Sie unter <a href=\"https:\/\/safetyfirst.ch\/de\/wie-man-einen-defibrillator-aed-im-notfall-benutzt-der-leitfaden-zur-lebensrettung\/\"> <strong>Fehler, die bei der Verwendung eines AED vermieden werden sollten<\/strong>.<\/a><\/p>\n<h3>Warum ist die Unterbrechung der Herzdruckmassage so kritisch?<\/h3>\n<p>Ein h\u00e4ufiger Fehler bei der BLS-AED ist es, die Herzdruckmassage zu lange zu unterbrechen, insbesondere beim Wechsel des Helfers oder w\u00e4hrend der Rhythmusanalyse durch den AED. Jede Unterbrechung verringert jedoch die Durchblutung und beeintr\u00e4chtigt die Sauerstoffversorgung des Gehirns. Um zu verstehen, wie wichtig es ist, einen regelm\u00e4\u00dfigen Rhythmus beizubehalten, erfahren Sie <strong>warum die Unterbrechung der Herzdruckmassage kritisch ist<\/strong>.<\/p>\n<h3>Was tun, wenn der AED keinen schockbaren Rhythmus erkennt?<\/h3>\n<p>Manchmal zeigt der AED an, dass kein Schock empfohlen wird, was einen unerfahrenen Ersthelfer verunsichern kann. In diesem Fall sieht das Protokoll vor, die Herzdruckmassage ohne Verz\u00f6gerung fortzusetzen. Das Fehlen eines schockbaren Rhythmus bedeutet nicht, dass die Wiederbelebung sinnlos ist. Um zu erfahren, wie Sie in solchen Situationen reagieren sollten, lesen Sie <strong>Was tun, wenn der AED keinen schockbaren Rhythmus erkennt?<\/strong><\/p>\n\t\t\t\t\t\t\t\t<\/div>\n\t\t\t\t<\/div>\n\t\t\t\t<div class=\"elementor-element elementor-element-dac4462 content elementor-widget elementor-widget-text-editor\" data-id=\"dac4462\" data-element_type=\"widget\" data-e-type=\"widget\" data-widget_type=\"text-editor.default\">\n\t\t\t\t<div class=\"elementor-widget-container\">\n\t\t\t\t\t\t\t\t\t<h4>Um Ihre Kenntnisse in BLS-AED zu vertiefen<\/h4>\n<p>Die Vermeidung von Fehlern erfordert auch ein besseres Verst\u00e4ndnis der Handgriffe und der Vorteile der Ausbildung. Hier finden Sie einige zus\u00e4tzliche Ressourcen, um Ihre Kompetenzen zu vertiefen:<\/p>\n<ul>\n<li>\n<p><a href=\"https:\/\/safetyfirst.ch\/de\/welche-konkreten-faehigkeiten-lernt-man-in-einer-bls-aed-ausbildung\/\"><strong>Welche konkreten Kompetenzen werden in einer BLS-AED-Ausbildung vermittelt?<\/strong><\/a><br \/>Auf dieser Seite finden Sie alle F\u00e4higkeiten, die w\u00e4hrend der Schulung vermittelt werden, von der Erkennung eines Herzstillstands bis zum effektiven Einsatz eines Defibrillators. Eine wertvolle Lekt\u00fcre, um die Wirkung einer hochwertigen Schulung zu beurteilen.<\/p>\n<\/li>\n<li>\n<p><a href=\"\/erste-hilfe-bei-schlaganfall-leben-retten\/\"><strong>Was ist bei einem Herzstillstand zu tun, bevor der Rettungsdienst eintrifft?<\/strong><\/a><br \/>Hier erfahren Sie, welche ersten Ma\u00dfnahmen in den ersten Minuten zu ergreifen sind: Alarmierung, Herzdruckmassage, Einsatz des AED&#8230; Diese einfachen Ma\u00dfnahmen machen den Unterschied, w\u00e4hrend Sie auf den Rettungsdienst warten. <\/p>\n<\/li>\n<li>\n<p><a href=\"\/zertifizierte-erste-hilfe-schulungen\/bls-aed-src-komplett\/nutzen-bls-aed\/leben-retten\/\"><strong>Wie kann die BLS-AED-Ausbildung Leben im famili\u00e4ren oder \u00f6ffentlichen Umfeld retten?<\/strong><\/a><br \/>Diese Seite beleuchtet den konkreten Nutzen der Ausbildung in allt\u00e4glichen Situationen. Sie zeigt, wie geschulte B\u00fcrger in ihrem unmittelbaren Umfeld, sei es zu Hause, am Arbeitsplatz oder auf der Stra\u00dfe, etwas bewirken k\u00f6nnen. <\/p>\n<\/li>\n<\/ul>\n\t\t\t\t\t\t\t\t<\/div>\n\t\t\t\t<\/div>\n\t\t\t\t\t<\/div>\n\t\t\t\t<\/div>\n\t\t\t\t<\/div>\n\t\t","protected":false},"excerpt":{"rendered":"<p>Eine BLS-AED-Ma\u00dfnahme (Basic Life Support und automatisierte externe Defibrillation) ist ein lebenswichtiger Teil der Rettungskette bei Herzstillstand. Doch selbst bei bestem Willen k\u00f6nnen bestimmte technische oder koordinative Fehler ihre Wirksamkeit beeintr\u00e4chtigen. Das Verst\u00e4ndnis dieser Fehler erm\u00f6glicht nicht nur eine Verbesserung der Qualit\u00e4t der Ma\u00dfnahmen, sondern st\u00e4rkt auch das Vertrauen der<span class=\"excerpt-hellip\"> [\u2026]<\/span><\/p>\n","protected":false},"author":5,"featured_media":0,"parent":6822,"menu_order":1,"comment_status":"closed","ping_status":"closed","template":"","meta":{"footnotes":""},"folder":[193],"class_list":["post-6784","page","type-page","status-publish","hentry"],"_links":{"self":[{"href":"https:\/\/safetyfirst.ch\/de\/wp-json\/wp\/v2\/pages\/6784","targetHints":{"allow":["GET"]}}],"collection":[{"href":"https:\/\/safetyfirst.ch\/de\/wp-json\/wp\/v2\/pages"}],"about":[{"href":"https:\/\/safetyfirst.ch\/de\/wp-json\/wp\/v2\/types\/page"}],"author":[{"embeddable":true,"href":"https:\/\/safetyfirst.ch\/de\/wp-json\/wp\/v2\/users\/5"}],"replies":[{"embeddable":true,"href":"https:\/\/safetyfirst.ch\/de\/wp-json\/wp\/v2\/comments?post=6784"}],"version-history":[{"count":1,"href":"https:\/\/safetyfirst.ch\/de\/wp-json\/wp\/v2\/pages\/6784\/revisions"}],"predecessor-version":[{"id":6787,"href":"https:\/\/safetyfirst.ch\/de\/wp-json\/wp\/v2\/pages\/6784\/revisions\/6787"}],"up":[{"embeddable":true,"href":"https:\/\/safetyfirst.ch\/de\/wp-json\/wp\/v2\/pages\/6822"}],"wp:attachment":[{"href":"https:\/\/safetyfirst.ch\/de\/wp-json\/wp\/v2\/media?parent=6784"}],"wp:term":[{"taxonomy":"folder","embeddable":true,"href":"https:\/\/safetyfirst.ch\/de\/wp-json\/wp\/v2\/folder?post=6784"}],"curies":[{"name":"wp","href":"https:\/\/api.w.org\/{rel}","templated":true}]}}