{"id":6807,"date":"2025-06-30T07:08:43","date_gmt":"2025-06-30T06:08:43","guid":{"rendered":"https:\/\/safetyfirst.ch\/bls-aed-src-komplettkurs\/wie-laeuft-eine-src-zertifizierung-in-bls-aed-ab\/"},"modified":"2025-12-05T08:16:36","modified_gmt":"2025-12-05T07:16:36","slug":"wie-laeuft-eine-src-zertifizierung-in-bls-aed-ab","status":"publish","type":"page","link":"https:\/\/safetyfirst.ch\/de\/zertifizierte-erste-hilfe-ausbildungen\/bls-aed-src-komplettkurs\/wie-laeuft-eine-src-zertifizierung-in-bls-aed-ab\/","title":{"rendered":"Wie l\u00e4uft eine SRC-Zertifizierung in BLS-AED ab?"},"content":{"rendered":"\t\t<div data-elementor-type=\"wp-page\" data-elementor-id=\"6807\" class=\"elementor elementor-6807 elementor-5136\" data-elementor-post-type=\"page\">\n\t\t\t\t<div class=\"elementor-element elementor-element-79933fc4 e-con-full e-flex e-con e-parent\" data-id=\"79933fc4\" data-element_type=\"container\" data-e-type=\"container\" data-settings=\"{&quot;background_background&quot;:&quot;gradient&quot;}\">\n\t\t<div class=\"elementor-element elementor-element-a55b9ca e-flex e-con-boxed e-con e-child\" data-id=\"a55b9ca\" data-element_type=\"container\" data-e-type=\"container\">\n\t\t\t\t\t<div class=\"e-con-inner\">\n\t\t\t\t<div class=\"elementor-element elementor-element-5a4b4590 elementor-widget elementor-widget-text-editor\" data-id=\"5a4b4590\" data-element_type=\"widget\" data-e-type=\"widget\" data-widget_type=\"text-editor.default\">\n\t\t\t\t<div class=\"elementor-widget-container\">\n\t\t\t\t\t\t\t\t\t<p>Die vom Swiss Resuscitation Council (SRC) ausgestellte BLS-AED-Zertifizierung ist ein wichtiger Schritt f\u00fcr alle, die in Notf\u00e4llen effektiv helfen m\u00f6chten. Diese strukturierte Ausbildung vermittelt die richtigen Reflexe bei der Herz-Lungen-Wiederbelebung und der Verwendung eines automatischen Defibrillators. \u00dcber die technischen Kompetenzen hinaus garantiert sie eine offizielle Anerkennung, die sowohl f\u00fcr Privatpersonen als auch f\u00fcr medizinisches Fachpersonal unerl\u00e4sslich ist. Auf dieser Seite beschreiben wir detailliert, <a href=\"https:\/\/safetyfirst.ch\/de\/bls-aed-src-komplettkurs\/\"><strong>wie eine SRC-Zertifizierung in BLS-AED abl\u00e4uft<\/strong><\/a>, von der Anmeldung bis zur Abschlusspr\u00fcfung, in direktem Zusammenhang mit der <strong>vollst\u00e4ndigen BLS-AED-SRC-Ausbildung, die von SafetyFirst angeboten wird<\/strong>. Dieser schrittweise Ansatz erm\u00f6glicht es Ihnen, die Erwartungen des Programms besser zu verstehen und sich in aller Ruhe auf jede Etappe des Kurses vorzubereiten.<\/p>\n\t\t\t\t\t\t\t\t<\/div>\n\t\t\t\t<\/div>\n\t\t\t\t<div class=\"elementor-element elementor-element-167622f7 elementor-widget elementor-widget-heading\" data-id=\"167622f7\" data-element_type=\"widget\" data-e-type=\"widget\" data-settings=\"{&quot;_animation&quot;:&quot;none&quot;}\" data-widget_type=\"heading.default\">\n\t\t\t\t<div class=\"elementor-widget-container\">\n\t\t\t\t\t<h2 class=\"elementor-heading-title elementor-size-default\">Die wichtigsten Schritte einer SRC-Zertifizierung in BLS-AED<\/h2>\t\t\t\t<\/div>\n\t\t\t\t<\/div>\n\t\t\t\t<div class=\"elementor-element elementor-element-7ff9021f elementor-widget elementor-widget-text-editor\" data-id=\"7ff9021f\" data-element_type=\"widget\" data-e-type=\"widget\" data-widget_type=\"text-editor.default\">\n\t\t\t\t<div class=\"elementor-widget-container\">\n\t\t\t\t\t\t\t\t\t<p>Eine SRC-Zertifizierung in BLS-AED zu absolvieren bedeutet, einen streng geregelten Lehrgang zu durchlaufen, dessen Ziel es ist, lebensrettende Ma\u00dfnahmen zu erlernen. Der typische Ablauf beginnt mit einer oft interaktiven theoretischen Schulung, in der die Grundlagen der Herz-Lungen-Wiederbelebung (BLS) und der Verwendung eines automatisierten externen Defibrillators (AED) vermittelt werden. Dieser erste Teil vermittelt Grundkenntnisse: Rettungskette, Anzeichen eines Herzstillstands, Alarmierung der Rettungskr\u00e4fte und Interventionsprotokoll gem\u00e4\u00df den Standards des Swiss Resuscitation Council (SRC).<\/p>\n<p>Anschlie\u00dfend folgt der praktische Teil. Die Teilnehmer \u00fcben an Puppen mit professionellem Material, um die Notfallma\u00dfnahmen unter realistischen Bedingungen nachzustellen. Der Schwerpunkt liegt auf der Qualit\u00e4t der Herzdruckmassage, der Positionierung des Ersthelfers und der Koordination mit dem Einsatz des Defibrillators. Anhand von simulierten Szenarien werden die Reaktionen in verschiedenen kritischen Situationen bewertet, um die Reaktionsf\u00e4higkeit und Entscheidungsfindung zu verbessern. Die Schulung endet mit einer praktischen Bewertung unter Anleitung eines zertifizierten Ausbilders. Dieser Test dient der \u00dcberpr\u00fcfung der erworbenen Kenntnisse und f\u00fchrt bei Erf\u00fcllung der Kriterien zum Erhalt eines offiziellen Zertifikats. Das Zertifikat ist national und sogar international anerkannt und je nach absolviertem Niveau mehrere Jahre lang g\u00fcltig. Dank dieser pr\u00e4zisen und schrittweisen Methodik garantiert die SRC-Zertifizierung einen echten Kompetenzzuwachs, der von einem zugelassenen Ausbildungszentrum wie SafetyFirst unterst\u00fctzt wird.<\/p>\n\t\t\t\t\t\t\t\t<\/div>\n\t\t\t\t<\/div>\n\t\t\t\t\t<\/div>\n\t\t\t\t<\/div>\n\t\t\t\t<\/div>\n\t\t<div class=\"elementor-element elementor-element-4d8e3c3 e-flex e-con-boxed e-con e-parent\" data-id=\"4d8e3c3\" data-element_type=\"container\" data-e-type=\"container\">\n\t\t\t\t\t<div class=\"e-con-inner\">\n\t\t\t\t<div class=\"elementor-element elementor-element-74617c2 content elementor-widget elementor-widget-text-editor\" data-id=\"74617c2\" data-element_type=\"widget\" data-e-type=\"widget\" data-widget_type=\"text-editor.default\">\n\t\t\t\t<div class=\"elementor-widget-container\">\n\t\t\t\t\t\t\t\t\t<h3>G\u00fcltigkeit und Erneuerung des Zertifikats verstehen<\/h3>\n<p>Nach Erhalt der Zertifizierung stellt sich eine wichtige Frage: Wie lange ist das Zertifikat g\u00fcltig und wie kann es erneuert werden? Die <strong>Auffrischung der BLS-AED-SRC-Kenntnisse<\/strong> ist ein wichtiger Schritt, um sicherzustellen, dass die Kompetenzen auf dem neuesten Stand sind und die aktuellen Standards des Schweizerischen Reanimationsrats eingehalten werden. Wenn Sie sich \u00fcber die G\u00fcltigkeitsdauer und die Modalit\u00e4ten f\u00fcr die Erneuerung informieren, k\u00f6nnen Sie die Aufrechterhaltung Ihrer Zertifizierung in aller Ruhe planen. <\/p>\n<h3>W\u00e4hlen Sie das richtige SRC-Ausbildungsniveau<\/h3>\n<p>Es gibt verschiedene SRC-Kursformate, die auf die Bed\u00fcrfnisse und Profile der Lernenden zugeschnitten sind: Komplettkurs, Auffrischungskurs usw. Jedes Niveau entspricht spezifischen Erwartungen, von der Einf\u00fchrung bis zur Wiederholung. <strong>Das Verst\u00e4ndnis der verschiedenen SRC-Zertifizierungsstufen<\/strong> hilft Ihnen, sich besser im Ausbildungsangebot zurechtzufinden und das f\u00fcr Ihre Erfahrung oder Funktion am besten geeignete Format auszuw\u00e4hlen. <\/p>\n<h3>Eine Anerkennung, die \u00fcber Grenzen hinausgeht<\/h3>\n<p>F\u00fcr diejenigen, die international reisen oder arbeiten, kann die Anerkennung des Zertifikats ein entscheidendes Kriterium sein. Es ist daher n\u00fctzlich zu wissen, ob <strong>die BLS-AED-Zertifizierung international anerkannt ist<\/strong>, insbesondere im beruflichen oder vereinsbezogenen Umfeld. Dieser Punkt unterstreicht die Legitimit\u00e4t des Programms und seine Kompatibilit\u00e4t mit den weltweiten Standards der Ersten Hilfe. <\/p>\n<h3>Die Abschlusspr\u00fcfung mit Zuversicht bestehen<\/h3>\n<p>Die praktische Pr\u00fcfung ist der letzte Schritt des Prozesses und auch der am meisten gef\u00fcrchtete. Wenn man jedoch die Anweisungen befolgt, die Handgriffe wiederholt und sich mit den Szenarien vertraut macht, ist es durchaus m\u00f6glich, <strong>die Abschlusspr\u00fcfung eines BLS-AED-Kurses zu bestehen<\/strong>. Wenn man die Bewertungskriterien und h\u00e4ufige Fehler kennt, kann man diese Phase gelassen und effizient angehen.<\/p>\n\t\t\t\t\t\t\t\t<\/div>\n\t\t\t\t<\/div>\n\t\t\t\t<div class=\"elementor-element elementor-element-dac4462 content elementor-widget elementor-widget-text-editor\" data-id=\"dac4462\" data-element_type=\"widget\" data-e-type=\"widget\" data-widget_type=\"text-editor.default\">\n\t\t\t\t<div class=\"elementor-widget-container\">\n\t\t\t\t\t\t\t\t\t<h4>Weitere Informationen zur BLS-AED-Ausbildung<\/h4>\n<ul>\n<li><a href=\"\/zertifizierte-erste-hilfe-ausbildungen\/bls-aed-src-komplett\/nutzen-bls-aed\/\"><strong>Den Nutzen von BLS-AED im Alltag verstehen<\/strong><\/a><br \/>\u00dcber den beruflichen Rahmen hinaus kann das Wissen, wie man in einem Notfall reagiert, im h\u00e4uslichen, schulischen oder \u00f6ffentlichen Umfeld Leben retten. <strong>Entdecken Sie, wie sich eine BLS-AED-Ausbildung in den Alltag integrieren l\u00e4sst<\/strong>, mit einfachen, wirksamen und f\u00fcr alle zug\u00e4nglichen Ma\u00dfnahmen.<\/li>\n<li><a href=\"https:\/\/safetyfirst.ch\/de\/bls-aed-src-komplettkurs\/wer-kann-eine-bls-aed-ausbildung-absolvieren-alter-profile-voraussetzungen\/\"><strong>Identifizieren Sie die f\u00fcr die Schulung in Frage kommenden Profile<\/strong><\/a><br \/>Sie fragen sich, ob diese Art von Zertifizierung f\u00fcr Sie relevant ist? <strong>Wer kann eine BLS-AED-Ausbildung absolvieren?<\/strong> Unabh\u00e4ngig davon, ob Sie Jugendlicher, Erwachsener oder medizinisches Fachpersonal sind, m\u00fcssen Sie bestimmte Voraussetzungen erf\u00fcllen, um sich anzumelden. <\/li>\n<li><strong>Die richtige Einrichtung in der Schweiz ausw\u00e4hlen<\/strong><br \/>Angesichts des vielf\u00e4ltigen Angebots an Ausbildungszentren ist es wichtig, sich f\u00fcr einen seri\u00f6sen und anerkannten Anbieter zu entscheiden. <a href=\"https:\/\/safetyfirst.ch\/de\/bls-aed-src-komplettkurs\/wie-waehlt-man-die-richtige-organisation-fuer-eine-bls-aed-ausbildung-in-der-schweiz-aus\/\"><strong>Wie w\u00e4hlt man die richtige Einrichtung f\u00fcr eine BLS-AED-Ausbildung in der Schweiz aus?<\/strong><\/a> Entdecken Sie die wichtigsten Kriterien, um eine fundierte Entscheidung zu treffen und eine Zertifizierung gem\u00e4\u00df den Standards des SRC zu erhalten.<br \/>\n\t\t\t\t\t\t\t\t<\/div>\n\t\t\t\t<\/div>\n\t\t\t\t\t<\/div>\n\t\t\t\t<\/div>\n\t\t\t\t<\/div>\n\t\t","protected":false},"excerpt":{"rendered":"<p>Die vom Swiss Resuscitation Council (SRC) ausgestellte BLS-AED-Zertifizierung ist ein wichtiger Schritt f\u00fcr alle, die in Notf\u00e4llen effektiv helfen m\u00f6chten. Diese strukturierte Ausbildung vermittelt die richtigen Reflexe bei der Herz-Lungen-Wiederbelebung und der Verwendung eines automatischen Defibrillators. \u00dcber die technischen Kompetenzen hinaus garantiert sie eine offizielle Anerkennung, die sowohl f\u00fcr Privatpersonen<span class=\"excerpt-hellip\"> [\u2026]<\/span><\/p>\n","protected":false},"author":5,"featured_media":0,"parent":6618,"menu_order":1,"comment_status":"closed","ping_status":"closed","template":"","meta":{"footnotes":""},"folder":[193],"class_list":["post-6807","page","type-page","status-publish","hentry"],"_links":{"self":[{"href":"https:\/\/safetyfirst.ch\/de\/wp-json\/wp\/v2\/pages\/6807","targetHints":{"allow":["GET"]}}],"collection":[{"href":"https:\/\/safetyfirst.ch\/de\/wp-json\/wp\/v2\/pages"}],"about":[{"href":"https:\/\/safetyfirst.ch\/de\/wp-json\/wp\/v2\/types\/page"}],"author":[{"embeddable":true,"href":"https:\/\/safetyfirst.ch\/de\/wp-json\/wp\/v2\/users\/5"}],"replies":[{"embeddable":true,"href":"https:\/\/safetyfirst.ch\/de\/wp-json\/wp\/v2\/comments?post=6807"}],"version-history":[{"count":2,"href":"https:\/\/safetyfirst.ch\/de\/wp-json\/wp\/v2\/pages\/6807\/revisions"}],"predecessor-version":[{"id":6832,"href":"https:\/\/safetyfirst.ch\/de\/wp-json\/wp\/v2\/pages\/6807\/revisions\/6832"}],"up":[{"embeddable":true,"href":"https:\/\/safetyfirst.ch\/de\/wp-json\/wp\/v2\/pages\/6618"}],"wp:attachment":[{"href":"https:\/\/safetyfirst.ch\/de\/wp-json\/wp\/v2\/media?parent=6807"}],"wp:term":[{"taxonomy":"folder","embeddable":true,"href":"https:\/\/safetyfirst.ch\/de\/wp-json\/wp\/v2\/folder?post=6807"}],"curies":[{"name":"wp","href":"https:\/\/api.w.org\/{rel}","templated":true}]}}