{"id":6810,"date":"2025-06-30T07:18:11","date_gmt":"2025-06-30T06:18:11","guid":{"rendered":"https:\/\/safetyfirst.ch\/bls-aed-src-komplettkurs\/wer-kann-eine-bls-aed-ausbildung-absolvieren-alter-profile-voraussetzungen\/"},"modified":"2025-12-05T08:16:36","modified_gmt":"2025-12-05T07:16:36","slug":"wer-kann-eine-bls-aed-ausbildung-absolvieren-alter-profile-voraussetzungen","status":"publish","type":"page","link":"https:\/\/safetyfirst.ch\/de\/zertifizierte-erste-hilfe-ausbildungen\/bls-aed-src-komplettkurs\/wer-kann-eine-bls-aed-ausbildung-absolvieren-alter-profile-voraussetzungen\/","title":{"rendered":"Wer kann eine BLS-AED-Ausbildung absolvieren: Alter, Profile, Voraussetzungen?"},"content":{"rendered":"\t\t<div data-elementor-type=\"wp-page\" data-elementor-id=\"6810\" class=\"elementor elementor-6810 elementor-5142\" data-elementor-post-type=\"page\">\n\t\t\t\t<div class=\"elementor-element elementor-element-79933fc4 e-con-full e-flex e-con e-parent\" data-id=\"79933fc4\" data-element_type=\"container\" data-e-type=\"container\" data-settings=\"{&quot;background_background&quot;:&quot;gradient&quot;}\">\n\t\t<div class=\"elementor-element elementor-element-a55b9ca e-flex e-con-boxed e-con e-child\" data-id=\"a55b9ca\" data-element_type=\"container\" data-e-type=\"container\">\n\t\t\t\t\t<div class=\"e-con-inner\">\n\t\t\t\t<div class=\"elementor-element elementor-element-5a4b4590 elementor-widget elementor-widget-text-editor\" data-id=\"5a4b4590\" data-element_type=\"widget\" data-e-type=\"widget\" data-widget_type=\"text-editor.default\">\n\t\t\t\t<div class=\"elementor-widget-container\">\n\t\t\t\t\t\t\t\t\t<p>Das Erlernen von lebensrettenden Erste-Hilfe-Ma\u00dfnahmen ist nicht nur einer medizinischen Elite vorbehalten. Die BLS-AED-Ausbildung (Basic Life Support mit Defibrillation) richtet sich heute an ein breites Publikum, von Privatpersonen bis hin zu Fachleuten in Unternehmen. Auf der Grundlage der vom <em>Swiss Resuscitation Council (SRC)<\/em> anerkannten Standards zielt diese Ausbildung darauf ab, den Zugang zu lebensrettenden Ma\u00dfnahmen im Notfall zu demokratisieren. Aber an wen richtet sich diese Ausbildung eigentlich? Gibt es Altersbeschr\u00e4nkungen oder k\u00f6rperliche oder kognitive Voraussetzungen? Um zu verstehen, wer eine BLS-AED-Ausbildung absolvieren kann und unter welchen Bedingungen, ist es sinnvoll, auf die Grundlagen zur\u00fcckzukommen, die in der <strong><a href=\"https:\/\/safetyfirst.ch\/de\/bls-aed-src-komplettkurs\/\">vollst\u00e4ndigen BLS-AED-Ausbildung von SafetyFirst<\/a><\/strong> vermittelt werden, die das Fundament dieses wichtigen Lehrgangs bildet.<\/p>\n\t\t\t\t\t\t\t\t<\/div>\n\t\t\t\t<\/div>\n\t\t\t\t<div class=\"elementor-element elementor-element-167622f7 elementor-widget elementor-widget-heading\" data-id=\"167622f7\" data-element_type=\"widget\" data-e-type=\"widget\" data-settings=\"{&quot;_animation&quot;:&quot;none&quot;}\" data-widget_type=\"heading.default\">\n\t\t\t\t<div class=\"elementor-widget-container\">\n\t\t\t\t\t<h2 class=\"elementor-heading-title elementor-size-default\">Wer kann eine BLS-AED-Ausbildung absolvieren? Profile, Alter und Zugangsvoraussetzungen<\/h2>\t\t\t\t<\/div>\n\t\t\t\t<\/div>\n\t\t\t\t<div class=\"elementor-element elementor-element-7ff9021f elementor-widget elementor-widget-text-editor\" data-id=\"7ff9021f\" data-element_type=\"widget\" data-e-type=\"widget\" data-widget_type=\"text-editor.default\">\n\t\t\t\t<div class=\"elementor-widget-container\">\n\t\t\t\t\t\t\t\t\t<p>Die BLS-AED-Ausbildung ist so konzipiert, dass sie m\u00f6glichst vielen Menschen zug\u00e4nglich ist, mit dem Ziel, die richtigen Reflexe bei einem Herzstillstand zu vermitteln. Entgegen einiger Vorurteile ist keine medizinische Vorbildung erforderlich, um daran teilzunehmen. Die Zielgruppe ist sehr breit gef\u00e4chert: Unternehmensmitarbeiter, Lehrer, Erzieher, Eltern, vollj\u00e4hrige Jugendliche, Rentner, ehrenamtliche Helfer in Vereinen&#8230; Alle k\u00f6nnen von dieser Schulung profitieren. Diese Vielfalt an Profilen wird durch eine angepasste P\u00e4dagogik, eine wohlwollende Betreuung und progressive Module erm\u00f6glicht. <\/p>\n<p>Was das Alter betrifft, empfehlen die meisten Organisationen eine Schulung ab 12 bis 14 Jahren, da ab diesem Alter die k\u00f6rperlichen und kognitiven F\u00e4higkeiten in der Regel ausreichen, um Wiederbelebungsma\u00dfnahmen durchzuf\u00fchren. Es ist jedoch auch m\u00f6glich, Kinder schon fr\u00fcher in einfachen Handgriffen in speziellen Formaten zu unterweisen. Es gibt keine Altersobergrenze, solange die Person in der Lage ist, dem Kurs zu folgen und die \u00dcbungen sicher durchzuf\u00fchren. Was die Voraussetzungen angeht, so ist kein Abschluss erforderlich. Einfaches Verst\u00e4ndnis und minimale k\u00f6rperliche F\u00e4higkeiten reichen aus. Die Ausbilder ber\u00fccksichtigen eventuelle Einschr\u00e4nkungen und passen die Vorf\u00fchrungen entsprechend an. Der integrative Ansatz ist ein wesentlicher Bestandteil des BLS-AED-Gedankens: Das Ziel ist nicht die Leistung, sondern die F\u00e4higkeit, in einer kritischen Situation effektiv zu handeln. Aus diesem Grund wird diese Schulung h\u00e4ufig in Sicherheitsprogramme von Unternehmen, in Lehrpl\u00e4ne von Schulen oder in Schulungen f\u00fcr F\u00fchrungskr\u00e4fte in vielen Einrichtungen integriert.<\/p>\n\t\t\t\t\t\t\t\t<\/div>\n\t\t\t\t<\/div>\n\t\t\t\t\t<\/div>\n\t\t\t\t<\/div>\n\t\t\t\t<\/div>\n\t\t<div class=\"elementor-element elementor-element-4d8e3c3 e-flex e-con-boxed e-con e-parent\" data-id=\"4d8e3c3\" data-element_type=\"container\" data-e-type=\"container\">\n\t\t\t\t\t<div class=\"e-con-inner\">\n\t\t\t\t<div class=\"elementor-element elementor-element-74617c2 content elementor-widget elementor-widget-text-editor\" data-id=\"74617c2\" data-element_type=\"widget\" data-e-type=\"widget\" data-widget_type=\"text-editor.default\">\n\t\t\t\t<div class=\"elementor-widget-container\">\n\t\t\t\t\t\t\t\t\t<h3>Mitarbeitende schulen: ein strategischer Vorteil f\u00fcr Unternehmen<\/h3>\n<p>In einer Arbeitswelt, in der Sicherheit eine immer gr\u00f6ssere Rolle spielt, profitieren Unternehmen davon, wenn sie ihre Teams f\u00fcr Notf\u00e4lle sensibilisieren. Durch die Schulung ihrer Mitarbeiter in BLS-AED st\u00e4rken sie nicht nur die Reaktionsf\u00e4higkeit im Falle eines Unfalls, sondern f\u00f6rdern auch das menschliche Engagement innerhalb ihrer Struktur. Dieser pr\u00e4ventive Ansatz kann Leben retten und erf\u00fcllt gleichzeitig bestimmte gesetzliche Verpflichtungen. Die <strong>Schulung der Mitarbeiter in BLS-AED<\/strong> wird somit zu einer strategischen Entscheidung, die sowohl f\u00fcr das Unternehmen als auch f\u00fcr seine Mitarbeiter von Vorteil ist.<\/p>\n<h3>Zug\u00e4nglichkeit von BLS-AED f\u00fcr Menschen mit Behinderung<\/h3>\n<p>BLS-AED-Schulungen werden immer inklusiver und an die F\u00e4higkeiten jedes Einzelnen angepasst. Auch Menschen mit motorischen, sensorischen oder kognitiven Behinderungen k\u00f6nnen lernen, im Notfall zu helfen. Die Ausbilder passen die Lehrinhalte an und legen Wert auf Handgriffe, die f\u00fcr alle zug\u00e4nglich sind. <strong>Die Teilnahme an einer BLS-AED-Schulung mit einer Behinderung<\/strong> ist nicht nur m\u00f6glich, sondern wird sogar gef\u00f6rdert, da jede Ma\u00dfnahme, auch wenn sie nur teilweise durchgef\u00fchrt werden kann, lebensrettend sein kann.<\/p>\n<h3>Fr\u00fches Lernen: Ab welchem Mindestalter sollten Jugendliche in BLS-AED eingef\u00fchrt werden?<\/h3>\n<p>Zahlreiche Programme sensibilisieren Jugendliche bereits in der Mittelstufe f\u00fcr lebensrettende Ma\u00dfnahmen. Ab einem Alter von 12 Jahren kann ein Kind die wesentlichen Schritte einer Wiederbelebung verstehen, sich merken und wiederholen. Einige Einrichtungen bieten sogar vereinfachte Module f\u00fcr j\u00fcngere Kinder an. Wichtig ist, die Sprache und die Vorf\u00fchrungen anzupassen. <strong>Das Erlernen von BLS-AED bereits im Jugendalter<\/strong> bildet eine wertvolle Grundlage f\u00fcr Verantwortungsbewusstsein und b\u00fcrgerschaftliches Engagement. <\/p>\n<h3>Verantwortung der geschulten B\u00fcrger: Was sagt das Gesetz?<\/h3>\n<p>Eine BLS-AED-Ausbildung bedeutet nicht, dass man zu einem bestimmten Ergebnis verpflichtet ist. In der Schweiz sch\u00fctzt das Gesetz B\u00fcrger, die in Notf\u00e4llen in gutem Glauben handeln. Dennoch st\u00e4rken die Beherrschung der Handgriffe und die Einhaltung der gelehrten Protokolle die Legitimit\u00e4t der Intervention. Das Verst\u00e4ndnis der <strong>rechtlichen Verantwortung von Personen, die in BLS-AED geschult sind<\/strong>, erm\u00f6glicht es, gelassener und ohne ungerechtfertigte rechtliche Bef\u00fcrchtungen zu intervenieren.<\/p>\n\t\t\t\t\t\t\t\t<\/div>\n\t\t\t\t<\/div>\n\t\t\t\t<div class=\"elementor-element elementor-element-dac4462 content elementor-widget elementor-widget-text-editor\" data-id=\"dac4462\" data-element_type=\"widget\" data-e-type=\"widget\" data-widget_type=\"text-editor.default\">\n\t\t\t\t<div class=\"elementor-widget-container\">\n\t\t\t\t\t\t\t\t\t<h4>Vertiefen Sie Ihr Verst\u00e4ndnis von BLS-AED: zus\u00e4tzliche Ressourcen zum Erkunden<\/h4>\n<p>Um den Nutzen und den Rahmen der BLS-AED-Ausbildung in der Schweiz besser zu verstehen, ist es hilfreich, sich mit mehreren damit verbundenen Aspekten zu befassen. Auf diesen Seiten k\u00f6nnen Sie Ihr Wissen erweitern und Ihre Ausbildungswahl entsprechend Ihren Bed\u00fcrfnissen ausrichten.<\/p>\n<ul>\n<li><a href=\"\/zertifizierte-erste-hilfe-schulungen\/bls-aed-src-komplett\/nutzen-bls-aed\/\"><strong>Die Rolle von BLS-AED im Alltag verstehen<\/strong><\/a><\/li>\n<\/ul>\n<p>Entdecken Sie, <strong>wozu eine BLS-AED-Ausbildung im Alltag dient<\/strong>: Sie werden sehen, wie die erlernten Handgriffe au\u00dferhalb des beruflichen Umfelds in allt\u00e4glichen Notf\u00e4llen wirklich einen Unterschied machen k\u00f6nnen.<\/p>\n<ul>\n<li><a href=\"https:\/\/safetyfirst.ch\/de\/bls-aed-src-komplettkurs\/wie-laeuft-eine-src-zertifizierung-in-bls-aed-ab\/\"><strong>Erfahren Sie, wie die offizielle Zertifizierung abl\u00e4uft<\/strong><\/a><\/li>\n<\/ul>\n<p>F\u00fcr diejenigen, die die Ausbildung abschlie\u00dfen m\u00f6chten, ist <strong>die SRC-Zertifizierung in BLS-AED<\/strong> ein wichtiger Schritt. Auf dieser Seite finden Sie detaillierte Informationen zu den Modalit\u00e4ten, Erwartungen und Vorteilen dieser offiziellen Anerkennung in der Schweiz. <\/p>\n<ul>\n<li><strong>W\u00e4hlen Sie eine geeignete Ausbildungsst\u00e4tte<\/strong><\/li>\n<\/ul>\n<p>Nicht alle Anbieter sind gleich. Um die Qualit\u00e4t des Unterrichts zu gew\u00e4hrleisten, <a href=\"\/zertifizierte-erste-hilfe-ausbildungen\/bls-aed-src-komplett\/wie-w\u00e4hlt-man-die-richtige-einrichtung-f\u00fcr-eine-bls-aed-ausbildung-in-der-schweiz\/\/formations-premiers-secours-certifiees\/bls-aed-src-complet\/comment-choisir-le-bon-organisme-pour-une-formation-bls-aed-en-suisse\/\"><strong>die richtige Einrichtung f\u00fcr eine BLS-AED-Ausbildung auszuw\u00e4hlen <\/strong><\/a>. Dort finden Sie konkrete Kriterien, um die richtige Wahl zu treffen.<\/p>\n\t\t\t\t\t\t\t\t<\/div>\n\t\t\t\t<\/div>\n\t\t\t\t\t<\/div>\n\t\t\t\t<\/div>\n\t\t\t\t<\/div>\n\t\t","protected":false},"excerpt":{"rendered":"<p>Das Erlernen von lebensrettenden Erste-Hilfe-Ma\u00dfnahmen ist nicht nur einer medizinischen Elite vorbehalten. Die BLS-AED-Ausbildung (Basic Life Support mit Defibrillation) richtet sich heute an ein breites Publikum, von Privatpersonen bis hin zu Fachleuten in Unternehmen. Auf der Grundlage der vom Swiss Resuscitation Council (SRC) anerkannten Standards zielt diese Ausbildung darauf ab,<span class=\"excerpt-hellip\"> [\u2026]<\/span><\/p>\n","protected":false},"author":5,"featured_media":0,"parent":6618,"menu_order":1,"comment_status":"closed","ping_status":"closed","template":"","meta":{"footnotes":""},"folder":[193],"class_list":["post-6810","page","type-page","status-publish","hentry"],"_links":{"self":[{"href":"https:\/\/safetyfirst.ch\/de\/wp-json\/wp\/v2\/pages\/6810","targetHints":{"allow":["GET"]}}],"collection":[{"href":"https:\/\/safetyfirst.ch\/de\/wp-json\/wp\/v2\/pages"}],"about":[{"href":"https:\/\/safetyfirst.ch\/de\/wp-json\/wp\/v2\/types\/page"}],"author":[{"embeddable":true,"href":"https:\/\/safetyfirst.ch\/de\/wp-json\/wp\/v2\/users\/5"}],"replies":[{"embeddable":true,"href":"https:\/\/safetyfirst.ch\/de\/wp-json\/wp\/v2\/comments?post=6810"}],"version-history":[{"count":1,"href":"https:\/\/safetyfirst.ch\/de\/wp-json\/wp\/v2\/pages\/6810\/revisions"}],"predecessor-version":[{"id":6811,"href":"https:\/\/safetyfirst.ch\/de\/wp-json\/wp\/v2\/pages\/6810\/revisions\/6811"}],"up":[{"embeddable":true,"href":"https:\/\/safetyfirst.ch\/de\/wp-json\/wp\/v2\/pages\/6618"}],"wp:attachment":[{"href":"https:\/\/safetyfirst.ch\/de\/wp-json\/wp\/v2\/media?parent=6810"}],"wp:term":[{"taxonomy":"folder","embeddable":true,"href":"https:\/\/safetyfirst.ch\/de\/wp-json\/wp\/v2\/folder?post=6810"}],"curies":[{"name":"wp","href":"https:\/\/api.w.org\/{rel}","templated":true}]}}