{"id":6812,"date":"2025-06-30T07:24:03","date_gmt":"2025-06-30T06:24:03","guid":{"rendered":"https:\/\/safetyfirst.ch\/bls-aed-src-komplettkurs\/wie-waehlt-man-die-richtige-organisation-fuer-eine-bls-aed-ausbildung-in-der-schweiz-aus\/"},"modified":"2025-12-05T08:16:36","modified_gmt":"2025-12-05T07:16:36","slug":"wie-waehlt-man-die-richtige-organisation-fuer-eine-bls-aed-ausbildung-in-der-schweiz-aus","status":"publish","type":"page","link":"https:\/\/safetyfirst.ch\/de\/zertifizierte-erste-hilfe-ausbildungen\/bls-aed-src-komplettkurs\/wie-waehlt-man-die-richtige-organisation-fuer-eine-bls-aed-ausbildung-in-der-schweiz-aus\/","title":{"rendered":"Wie w\u00e4hlt man die richtige Organisation f\u00fcr eine BLS-AED-Ausbildung in der Schweiz aus?"},"content":{"rendered":"\t\t<div data-elementor-type=\"wp-page\" data-elementor-id=\"6812\" class=\"elementor elementor-6812 elementor-5147\" data-elementor-post-type=\"page\">\n\t\t\t\t<div class=\"elementor-element elementor-element-79933fc4 e-con-full e-flex e-con e-parent\" data-id=\"79933fc4\" data-element_type=\"container\" data-e-type=\"container\" data-settings=\"{&quot;background_background&quot;:&quot;gradient&quot;}\">\n\t\t<div class=\"elementor-element elementor-element-a55b9ca e-flex e-con-boxed e-con e-child\" data-id=\"a55b9ca\" data-element_type=\"container\" data-e-type=\"container\">\n\t\t\t\t\t<div class=\"e-con-inner\">\n\t\t\t\t<div class=\"elementor-element elementor-element-5a4b4590 elementor-widget elementor-widget-text-editor\" data-id=\"5a4b4590\" data-element_type=\"widget\" data-e-type=\"widget\" data-widget_type=\"text-editor.default\">\n\t\t\t\t<div class=\"elementor-widget-container\">\n\t\t\t\t\t\t\t\t\t<p data-start=\"125\" data-end=\"1016\">In der Schweiz bildet die BLS-AED-Ausbildung eine wichtige Grundlage f\u00fcr alle, die bei einem Herzstillstand wirksam helfen m\u00f6chten. Sie ist Teil eines Ansatzes zur Sensibilisierung der Bev\u00f6lkerung, entspricht aber auch den Anforderungen der <strong data-start=\"367\" data-end=\"400\">vollst\u00e4ndigen BLS-AED-SRC-Ausbildung<\/strong>, der Referenz im Bereich der Reanimation. Daher ist die Wahl der richtigen Ausbildungsst\u00e4tte eine wichtige Entscheidung. Es geht nicht nur darum, ein theoretisches Modul zu absolvieren, sondern auch darum, eine seri\u00f6se, auf die eigenen Bed\u00fcrfnisse zugeschnittene Betreuung durch zertifizierte Fachleute zu erhalten. Um Ihnen bei dieser strategischen Entscheidung zu helfen, finden Sie auf dieser Seite die wichtigsten Kriterien, die Sie ber\u00fccksichtigen sollten, um sich mit Zuversicht f\u00fcr das beste Angebot zu entscheiden. Um den allgemeinen Rahmen dieser Zertifizierung besser zu verstehen, k\u00f6nnen Sie sich gerne unsere <a href=\"https:\/\/safetyfirst.ch\/de\/bls-aed-src-komplettkurs\/\"><strong data-start=\"962\" data-end=\"1015\">vollst\u00e4ndige Pr\u00e4sentation der BLS-AED-SRC-Ausbildung<\/strong><\/a> ansehen.<\/p>\n\t\t\t\t\t\t\t\t<\/div>\n\t\t\t\t<\/div>\n\t\t\t\t<div class=\"elementor-element elementor-element-167622f7 elementor-widget elementor-widget-heading\" data-id=\"167622f7\" data-element_type=\"widget\" data-e-type=\"widget\" data-settings=\"{&quot;_animation&quot;:&quot;none&quot;}\" data-widget_type=\"heading.default\">\n\t\t\t\t<div class=\"elementor-widget-container\">\n\t\t\t\t\t<h2 class=\"elementor-heading-title elementor-size-default\">Die wichtigsten Kriterien f\u00fcr die Auswahl einer BLS-AED-Ausbildungsorganisation in der Schweiz<\/h2>\t\t\t\t<\/div>\n\t\t\t\t<\/div>\n\t\t\t\t<div class=\"elementor-element elementor-element-7ff9021f elementor-widget elementor-widget-text-editor\" data-id=\"7ff9021f\" data-element_type=\"widget\" data-e-type=\"widget\" data-widget_type=\"text-editor.default\">\n\t\t\t\t<div class=\"elementor-widget-container\">\n\t\t\t\t\t\t\t\t\t<p>Die Wahl der richtigen Einrichtung f\u00fcr eine BLS-AED-Ausbildung in der Schweiz will gut \u00fcberlegt sein. Diese Entscheidung basiert auf einer sorgf\u00e4ltigen Bewertung mehrerer grundlegender Faktoren, die die Qualit\u00e4t der Ausbildung und die Einhaltung der geltenden Normen gew\u00e4hrleisten. Das erste zu ber\u00fccksichtigende Kriterium ist die <strong>SRC-Zertifizierung<\/strong>: Nur ein vom Swiss Resuscitation Council anerkanntes Zentrum kann eine Ausbildung gem\u00e4\u00df den nationalen Standards anbieten. Dar\u00fcber hinaus spielt die Kompetenz der <strong>qualifizierten Ausbilder<\/strong> eine entscheidende Rolle. Es ist unerl\u00e4sslich, dass diese Fachleute \u00fcber fundierte Erfahrungen in Erster Hilfe und P\u00e4dagogik verf\u00fcgen.<\/p>\n<p>Die <strong>Zulassung der Einrichtung<\/strong>, die Klarheit des <strong>Lehrplans<\/strong>, die Verwendung <strong>moderner Schulungsmaterialien<\/strong> und das Vorhandensein <strong>realistischer Simulationsszenarien<\/strong> sind weitere Faktoren, die die Wirksamkeit der Schulung erh\u00f6hen. Der <strong>Ruf<\/strong> der Einrichtung, die <strong>Bewertungen fr\u00fcherer Teilnehmer<\/strong> und die <strong>Erfolgsquote<\/strong> bei der Zertifizierung sind ebenfalls gute Indikatoren. Schlie\u00dflich k\u00f6nnen auch praktische Aspekte wie <strong>flexible Arbeitszeiten<\/strong>, die <strong>geografische Erreichbarkeit<\/strong> oder die M\u00f6glichkeit einer <strong>Erstattung<\/strong> durch bestimmte Versicherungen oder lokale Zusch\u00fcsse Ihre Entscheidung beeinflussen. Wenn Sie sich die Zeit nehmen, diese Kriterien zu analysieren, finden Sie eine geeignete, sichere und wirklich lehrreiche Ausbildung.<\/p>\n\t\t\t\t\t\t\t\t<\/div>\n\t\t\t\t<\/div>\n\t\t\t\t\t<\/div>\n\t\t\t\t<\/div>\n\t\t\t\t<\/div>\n\t\t<div class=\"elementor-element elementor-element-4d8e3c3 e-flex e-con-boxed e-con e-parent\" data-id=\"4d8e3c3\" data-element_type=\"container\" data-e-type=\"container\">\n\t\t\t\t\t<div class=\"e-con-inner\">\n\t\t\t\t<div class=\"elementor-element elementor-element-74617c2 content elementor-widget elementor-widget-text-editor\" data-id=\"74617c2\" data-element_type=\"widget\" data-e-type=\"widget\" data-widget_type=\"text-editor.default\">\n\t\t\t\t<div class=\"elementor-widget-container\">\n\t\t\t\t\t\t\t\t\t<h3>Nach welchen Kriterien lassen sich BLS-AED-Schulungsangebote vergleichen?<\/h3>\n<p>Bevor Sie sich f\u00fcr eine Einrichtung entscheiden, sollten Sie unbedingt <strong>die Kriterien f\u00fcr den Vergleich von BLS-AED-Schulungen<\/strong> pr\u00fcfen. Dauer, Inhalt, offizielle Anerkennung, Lehrmaterialien, Bewertungsmethode: All diese Faktoren sollten Sie vergleichen, um eine fundierte Entscheidung treffen zu k\u00f6nnen. Sie erfahren, wie Sie die Angebote finden, die wirklich zu Ihren Zielen passen, sei es f\u00fcr den privaten oder beruflichen Gebrauch.<\/p>\n<h3>Pr\u00e4senzunterricht oder Online-Kurs: Was ist die beste Option f\u00fcr eine BLS-AED-Ausbildung?<\/h3>\n<p>Mit dem Aufkommen von Fernunterricht stellt sich die Frage: <strong>Sollte man einen BLS-AED-Pr\u00e4senzkurs oder einen Online-Kurs bevorzugen<\/strong>? In diesem Abschnitt erfahren Sie mehr \u00fcber die Vorteile und Grenzen der beiden Formate. Zug\u00e4nglichkeit, Interaktivit\u00e4t, p\u00e4dagogische Effizienz: Wir gehen alle Aspekte durch, damit Sie die f\u00fcr Ihr Profil am besten geeignete Lernmethode ausw\u00e4hlen k\u00f6nnen. <\/p>\n<h3>Ist der Preis ein guter Indikator f\u00fcr die Qualit\u00e4t einer BLS-AED-Ausbildung?<\/h3>\n<p>Angesichts der Preisunterschiede ist es verlockend, hohe Kosten mit h\u00f6herer Qualit\u00e4t gleichzusetzen. Aber ist das wirklich der Fall? Wir analysieren hier, ob <strong>der Preis einer BLS-AED-Ausbildung wirklich deren Qualit\u00e4tsniveau widerspiegelt<\/strong> oder ob man sich nicht vom \u00e4u\u00dferen Schein t\u00e4uschen lassen sollte. Eine n\u00fctzliche \u00dcberlegung, um b\u00f6se \u00dcberraschungen zu vermeiden und seine Investition zu optimieren.<\/p>\n<h3>Gibt es finanzielle Hilfen f\u00fcr die Teilnahme an einer BLS-AED-Schulung?<\/h3>\n<p>Wussten Sie, dass es manchmal m\u00f6glich ist, <strong>Zusch\u00fcsse oder Erstattungen zur Finanzierung Ihrer BLS-AED-Schulung zu erhalten<\/strong>? In diesem Abschnitt erfahren Sie mehr \u00fcber die in der Schweiz verf\u00fcgbaren F\u00f6rderma\u00dfnahmen, sei es durch Versicherungen, Arbeitgeber oder lokale Beh\u00f6rden. Eine nicht zu vernachl\u00e4ssigende Hilfe, um Ihr Budget zu entlasten.<\/p>\n\t\t\t\t\t\t\t\t<\/div>\n\t\t\t\t<\/div>\n\t\t\t\t<div class=\"elementor-element elementor-element-dac4462 content elementor-widget elementor-widget-text-editor\" data-id=\"dac4462\" data-element_type=\"widget\" data-e-type=\"widget\" data-widget_type=\"text-editor.default\">\n\t\t\t\t<div class=\"elementor-widget-container\">\n\t\t\t\t\t\t\t\t\t<h4>Weitere Informationen zu BLS-AED<\/h4>\n<ul>\n<li><a href=\"\/zertifizierte-erste-hilfe-schulungen\/bls-aed-src-komplett\/nutzen-bls-aed\/\"><strong>Den Nutzen von BLS-AED im Alltag verstehen<\/strong><\/a>: Auf dieser Seite erfahren Sie konkret, <strong>wie eine BLS-AED-Schulung im Alltag einen Unterschied machen kann<\/strong>, egal ob Sie Zeuge eines Notfalls auf der Stra\u00dfe oder im Unternehmen werden.<\/li>\n<li><a href=\"https:\/\/safetyfirst.ch\/de\/bls-aed-src-komplettkurs\/wie-laeuft-eine-src-zertifizierung-in-bls-aed-ab\/\"><strong>Entdecken Sie den Ablauf einer SRC-Zertifizierung<\/strong><\/a>: Bevor Sie sich anmelden, kann es hilfreich sein, <strong>die genauen Schritte der BLS-AED-Zertifizierung gem\u00e4\u00df den SRC-Standards<\/strong> zu kennen, von der praktischen Bewertung bis hin zu den Kriterien f\u00fcr den Erhalt des Zertifikats.<\/li>\n<li><a href=\"https:\/\/safetyfirst.ch\/de\/bls-aed-src-komplettkurs\/wer-kann-eine-bls-aed-ausbildung-absolvieren-alter-profile-voraussetzungen\/\"><strong>Erfahren Sie, wer an dieser Schulung teilnehmen kann<\/strong><\/a>: Ob Sie Student, Arbeitnehmer oder Rentner sind, <strong>Sie erfahren, unter welchen Bedingungen Sie je nach Ihrem Alter oder Ihrer pers\u00f6nlichen Situation Zugang zu einer BLS-AED-Ausbildung haben<\/strong>.<br \/>\n\t\t\t\t\t\t\t\t<\/div>\n\t\t\t\t<\/div>\n\t\t\t\t\t<\/div>\n\t\t\t\t<\/div>\n\t\t\t\t<\/div>\n\t\t","protected":false},"excerpt":{"rendered":"<p>In der Schweiz bildet die BLS-AED-Ausbildung eine wichtige Grundlage f\u00fcr alle, die bei einem Herzstillstand wirksam helfen m\u00f6chten. Sie ist Teil eines Ansatzes zur Sensibilisierung der Bev\u00f6lkerung, entspricht aber auch den Anforderungen der vollst\u00e4ndigen BLS-AED-SRC-Ausbildung, der Referenz im Bereich der Reanimation. Daher ist die Wahl der richtigen Ausbildungsst\u00e4tte eine wichtige<span class=\"excerpt-hellip\"> [\u2026]<\/span><\/p>\n","protected":false},"author":5,"featured_media":0,"parent":6618,"menu_order":1,"comment_status":"closed","ping_status":"closed","template":"","meta":{"footnotes":""},"folder":[193],"class_list":["post-6812","page","type-page","status-publish","hentry"],"_links":{"self":[{"href":"https:\/\/safetyfirst.ch\/de\/wp-json\/wp\/v2\/pages\/6812","targetHints":{"allow":["GET"]}}],"collection":[{"href":"https:\/\/safetyfirst.ch\/de\/wp-json\/wp\/v2\/pages"}],"about":[{"href":"https:\/\/safetyfirst.ch\/de\/wp-json\/wp\/v2\/types\/page"}],"author":[{"embeddable":true,"href":"https:\/\/safetyfirst.ch\/de\/wp-json\/wp\/v2\/users\/5"}],"replies":[{"embeddable":true,"href":"https:\/\/safetyfirst.ch\/de\/wp-json\/wp\/v2\/comments?post=6812"}],"version-history":[{"count":2,"href":"https:\/\/safetyfirst.ch\/de\/wp-json\/wp\/v2\/pages\/6812\/revisions"}],"predecessor-version":[{"id":6833,"href":"https:\/\/safetyfirst.ch\/de\/wp-json\/wp\/v2\/pages\/6812\/revisions\/6833"}],"up":[{"embeddable":true,"href":"https:\/\/safetyfirst.ch\/de\/wp-json\/wp\/v2\/pages\/6618"}],"wp:attachment":[{"href":"https:\/\/safetyfirst.ch\/de\/wp-json\/wp\/v2\/media?parent=6812"}],"wp:term":[{"taxonomy":"folder","embeddable":true,"href":"https:\/\/safetyfirst.ch\/de\/wp-json\/wp\/v2\/folder?post=6812"}],"curies":[{"name":"wp","href":"https:\/\/api.w.org\/{rel}","templated":true}]}}