{"id":6822,"date":"2025-06-29T20:21:29","date_gmt":"2025-06-29T19:21:29","guid":{"rendered":"https:\/\/safetyfirst.ch\/bls-aed-src-komplettkurs\/wozu-dient-eine-bls-aed-ausbildung-im-alltag\/"},"modified":"2025-12-05T08:16:37","modified_gmt":"2025-12-05T07:16:37","slug":"wozu-dient-eine-bls-aed-ausbildung-im-alltag","status":"publish","type":"page","link":"https:\/\/safetyfirst.ch\/de\/zertifizierte-erste-hilfe-ausbildungen\/bls-aed-src-komplettkurs\/wozu-dient-eine-bls-aed-ausbildung-im-alltag\/","title":{"rendered":"Wozu dient eine BLS-AED-Ausbildung im Alltag?"},"content":{"rendered":"\t\t<div data-elementor-type=\"wp-page\" data-elementor-id=\"6822\" class=\"elementor elementor-6822 elementor-5125\" data-elementor-post-type=\"page\">\n\t\t\t\t<div class=\"elementor-element elementor-element-79933fc4 e-con-full e-flex e-con e-parent\" data-id=\"79933fc4\" data-element_type=\"container\" data-e-type=\"container\" data-settings=\"{&quot;background_background&quot;:&quot;gradient&quot;}\">\n\t\t<div class=\"elementor-element elementor-element-a55b9ca e-flex e-con-boxed e-con e-child\" data-id=\"a55b9ca\" data-element_type=\"container\" data-e-type=\"container\">\n\t\t\t\t\t<div class=\"e-con-inner\">\n\t\t\t\t<div class=\"elementor-element elementor-element-5a4b4590 elementor-widget elementor-widget-text-editor\" data-id=\"5a4b4590\" data-element_type=\"widget\" data-e-type=\"widget\" data-widget_type=\"text-editor.default\">\n\t\t\t\t<div class=\"elementor-widget-container\">\n\t\t\t\t\t\t\t\t\t<p>In einer Welt, in der medizinische Notf\u00e4lle jederzeit auftreten k\u00f6nnen, ist die Ausbildung in lebensrettenden Massnahmen kein Luxus mehr, sondern eine echte Notwendigkeit. Die Ausbildung <strong>BLS-AED<\/strong> (Basic Life Support \u2013 Automated External Defibrillator) f\u00fcgt sich nahtlos in diesen Ansatz der Pr\u00e4vention und Sicherheit im Alltag ein. Sie erg\u00e4nzt und erweitert die grundlegenden Kenntnisse, die in der <a href=\"https:\/\/safetyfirst.ch\/de\/bls-aed-src-komplettkurs\/\"><strong>BLS-AED-Ausbildung von SafetyFirst<\/strong><\/a> vermittelt werden, und legt den Schwerpunkt auf die direkten Auswirkungen dieser Kenntnisse auf unser t\u00e4gliches Leben. Die F\u00e4higkeit, bei einem Herzstillstand effektiv zu reagieren, einen Defibrillator zu bedienen oder die Anzeichen eines lebensbedrohlichen Notfalls zu erkennen, macht Sie zu einem wichtigen Glied in der Rettungskette. Auf dieser Seite werden daher die konkreten Vorteile dieser f\u00fcr alle zug\u00e4nglichen Schulung im Alltag erl\u00e4utert.<\/p>\n\t\t\t\t\t\t\t\t<\/div>\n\t\t\t\t<\/div>\n\t\t\t\t<div class=\"elementor-element elementor-element-167622f7 elementor-widget elementor-widget-heading\" data-id=\"167622f7\" data-element_type=\"widget\" data-e-type=\"widget\" data-settings=\"{&quot;_animation&quot;:&quot;none&quot;}\" data-widget_type=\"heading.default\">\n\t\t\t\t<div class=\"elementor-widget-container\">\n\t\t\t\t\t<h2 class=\"elementor-heading-title elementor-size-default\">Warum eine BLS-AED-Ausbildung im Alltag unerl\u00e4sslich ist<\/h2>\t\t\t\t<\/div>\n\t\t\t\t<\/div>\n\t\t\t\t<div class=\"elementor-element elementor-element-7ff9021f elementor-widget elementor-widget-text-editor\" data-id=\"7ff9021f\" data-element_type=\"widget\" data-e-type=\"widget\" data-widget_type=\"text-editor.default\">\n\t\t\t\t<div class=\"elementor-widget-container\">\n\t\t\t\t\t\t\t\t\t<p>Im Alltag ist eine BLS-AED-Ausbildung viel mehr als nur eine technische Schulung. Sie vermittelt jedem die F\u00e4higkeit, in einer kritischen Situation, insbesondere bei einem Herzstillstand, der jederzeit und \u00fcberall auftreten kann, schnell und effektiv zu handeln. Dank dieser Schulung erlernen die Teilnehmer die unverzichtbaren <strong>Erste-Hilfe-Ma\u00dfnahmen<\/strong> wie <strong>Herzmassage<\/strong>, Beatmung oder die Verwendung eines <strong>automatisierten externen Defibrillators<\/strong>.<\/p>\n<p>Diese Fertigkeiten werden im Notfall zu einem echten Reflex: Jede Sekunde z\u00e4hlt, und ein <strong>fr\u00fchzeitiges Eingreifen<\/strong> erh\u00f6ht die \u00dcberlebenschancen des Opfers erheblich. Mit BLS-AED kann man somit zu einem <strong>aktiven Zeugen<\/strong> werden, der in der Lage ist, <strong>sofortige Hilfe<\/strong> zu leisten, bis der Rettungsdienst eintrifft. Dies ist ein grundlegender Vorteil f\u00fcr die Verbesserung der <strong>Sicherheit der B\u00fcrger<\/strong>, sowohl im famili\u00e4ren Umfeld als auch im \u00f6ffentlichen Raum.<\/p>\n<p>Auf der Grundlage einer klaren und strukturierten <strong>Erste-Hilfe-Ausbildung<\/strong> f\u00f6rdert dieser pr\u00e4ventive Ansatz eine <strong>schnelle Reaktion<\/strong>, reduziert den Stress im Umgang mit Unvorhergesehenem und entwickelt eine echte <strong>b\u00fcrgerliche Verantwortung<\/strong>. Die <strong>\u00dcberlebenskette<\/strong> wird dadurch robuster, da jede geschulte Person eine potenzielle <strong>\u00dcberlebenshilfe<\/strong> und eine wertvolle St\u00fctze in den ersten Minuten eines lebensbedrohlichen Notfalls ist.<\/p>\n\t\t\t\t\t\t\t\t<\/div>\n\t\t\t\t<\/div>\n\t\t\t\t\t<\/div>\n\t\t\t\t<\/div>\n\t\t\t\t<\/div>\n\t\t<div class=\"elementor-element elementor-element-4d8e3c3 e-flex e-con-boxed e-con e-parent\" data-id=\"4d8e3c3\" data-element_type=\"container\" data-e-type=\"container\">\n\t\t\t\t\t<div class=\"e-con-inner\">\n\t\t\t\t<div class=\"elementor-element elementor-element-74617c2 content elementor-widget elementor-widget-text-editor\" data-id=\"74617c2\" data-element_type=\"widget\" data-e-type=\"widget\" data-widget_type=\"text-editor.default\">\n\t\t\t\t<div class=\"elementor-widget-container\">\n\t\t\t\t\t\t\t\t\t<h3><strong>Praktische F\u00e4higkeiten, die w\u00e4hrend der Ausbildung erworben werden<\/strong><\/h3>\n<p>Eine BLS-AED-Ausbildung bedeutet, konkrete Handgriffe zu erlernen, die in kritischen Situationen n\u00fctzlich sind. Man lernt, wie man eine wirksame Herzmassage durchf\u00fchrt, einen automatisierten externen Defibrillator benutzt und die richtige Haltung gegen\u00fcber einem bewusstlosen Opfer einnimmt. Diese Kenntnisse erm\u00f6glichen es, sich im Notfall handlungsf\u00e4hig zu f\u00fchlen. <strong>Welche konkreten F\u00e4higkeiten erlernt man in einer BLS-AED-Ausbildung?<\/strong> Diese Frage ist entscheidend, um den Wert dieser Ausbildung zu verstehen. <\/p>\n<h3><strong>Wissen, was vor dem Eintreffen der Rettungskr\u00e4fte zu tun ist<\/strong><\/h3>\n<p>In den ersten Minuten nach einem Herzstillstand z\u00e4hlt jede Ma\u00dfnahme. Zu wissen, wie man richtig Alarm schl\u00e4gt, das Bewusstsein \u00fcberpr\u00fcft und lebensrettende Ma\u00dfnahmen ergreift, kann den entscheidenden Unterschied ausmachen. <a href=\"https:\/\/safetyfirst.ch\/de\/lebensrettende-massnahmen-erlernen-von-herz-lungen-wiederbelebungstechniken\/\"><strong>Was ist bei einem Herzstillstand vor dem Eintreffen der Rettungskr\u00e4fte zu tun?<\/strong> <\/a>Dieses praktische Wissen ist von zentraler Bedeutung f\u00fcr die Rettungskette.p><\/p>\n<h3><strong>Vermeiden Sie Fehler, die teuer werden k\u00f6nnen<\/strong><\/h3>\n<p>Selbst mit dem besten Willen der Welt k\u00f6nnen bestimmte Ungeschicklichkeiten die Situation eines Opfers verschlimmern. In einer Schulung lernen Sie, klassische Fallstricke zu erkennen und zu vermeiden. <strong>Was sind h\u00e4ufige Fehler bei einer BLS-AED-Ma\u00dfnahme?<\/strong> Eine gute Vorbereitung erm\u00f6glicht pr\u00e4zises Handeln.<\/p>\n<h3><strong>Eine lebenswichtige Rolle in der Familie und an \u00f6ffentlichen Orten<\/strong><\/h3>\n<p>Ein Angeh\u00f6riger, der zusammenbricht, ein Fremder auf der Stra\u00dfe in Not&#8230; In solchen kritischen Momenten ist der BLS-AED-geschulte Mensch ein lebensrettendes Bindeglied. Dank dieser Kompetenz kann er seine Angeh\u00f6rigen sch\u00fctzen und Fremden helfen. <strong>Wie kann die BLS-AED-Ausbildung im famili\u00e4ren oder \u00f6ffentlichen Umfeld Leben retten?<\/strong> Die Antwort zeigt, wie wertvoll diese Ausbildung ist.<\/p>\n\t\t\t\t\t\t\t\t<\/div>\n\t\t\t\t<\/div>\n\t\t\t\t<div class=\"elementor-element elementor-element-dac4462 content elementor-widget elementor-widget-text-editor\" data-id=\"dac4462\" data-element_type=\"widget\" data-e-type=\"widget\" data-widget_type=\"text-editor.default\">\n\t\t\t\t<div class=\"elementor-widget-container\">\n\t\t\t\t\t\t\t\t\t<h4>Um Ihre BLS-AED-Ausbildung fortzusetzen<\/h4>\n<ul>\n<li><a href=\"\/zertifizierte-erste-hilfe-ausbildungen\/bls-aed-src-komplett\/ablauf\/\"><strong>Die Schritte der SRC BLS-AED-Zertifizierung verstehen<\/strong><\/a><br \/>M\u00f6chten Sie Ihre Erste-Hilfe-Kenntnisse offiziell best\u00e4tigen lassen? Die <strong>SRC-Zertifizierung in BLS-AED<\/strong> bietet Ihnen einen anerkannten Rahmen mit einem strukturierten Ablauf, der f\u00fcr alle Profile geeignet ist.<\/li>\n<li><a href=\"\/formations-premiers-secours-certifiees\/bls-aed-src-complet\/qui-peut-suivre-formation\/\/formations-premiers-secours-certifiees\/bls-aed-src-complet\/qui-peut-suivre-formation\/\"><strong>Identifizieren Sie die f\u00fcr diese Ausbildung geeigneten Profile<\/strong><\/a><br \/>Jugendliche, Erwachsene, Fachleute oder einfache B\u00fcrger: Erfahren Sie, <strong>wer eine BLS-AED-Ausbildung absolvieren kann<\/strong>, welche Voraussetzungen daf\u00fcr erforderlich sind und warum sie sich an ein breites Publikum richtet.<\/li>\n<li><a href=\"\/zertifizierte-erste-hilfe-ausbildungen\/bls-aed-src-komplett\/wie-w\u00e4hlt-man-die-richtige-einrichtung-f\u00fcr-eine-bls-aed-ausbildung-in-der-schweiz\/\"><strong>Eine zuverl\u00e4ssige Einrichtung f\u00fcr eine Ausbildung in der Schweiz finden<\/strong><\/a><br \/>Die Wahl der Organisation bestimmt die Qualit\u00e4t Ihrer Ausbildung. Erfahren Sie, wie Sie <strong>die richtige Organisation f\u00fcr eine BLS-AED-Ausbildung in der Schweiz ausw\u00e4hlen<\/strong>, indem Sie Kriterien wie Seriosit\u00e4t, Akkreditierung und Erfahrung ber\u00fccksichtigen.<br \/>\n\t\t\t\t\t\t\t\t<\/div>\n\t\t\t\t<\/div>\n\t\t\t\t\t<\/div>\n\t\t\t\t<\/div>\n\t\t\t\t<\/div>\n\t\t","protected":false},"excerpt":{"rendered":"<p>In einer Welt, in der medizinische Notf\u00e4lle jederzeit auftreten k\u00f6nnen, ist die Ausbildung in lebensrettenden Massnahmen kein Luxus mehr, sondern eine echte Notwendigkeit. Die Ausbildung BLS-AED (Basic Life Support \u2013 Automated External Defibrillator) f\u00fcgt sich nahtlos in diesen Ansatz der Pr\u00e4vention und Sicherheit im Alltag ein. Sie erg\u00e4nzt und erweitert<span class=\"excerpt-hellip\"> [\u2026]<\/span><\/p>\n","protected":false},"author":5,"featured_media":0,"parent":6618,"menu_order":1,"comment_status":"closed","ping_status":"closed","template":"","meta":{"footnotes":""},"folder":[193],"class_list":["post-6822","page","type-page","status-publish","hentry"],"_links":{"self":[{"href":"https:\/\/safetyfirst.ch\/de\/wp-json\/wp\/v2\/pages\/6822","targetHints":{"allow":["GET"]}}],"collection":[{"href":"https:\/\/safetyfirst.ch\/de\/wp-json\/wp\/v2\/pages"}],"about":[{"href":"https:\/\/safetyfirst.ch\/de\/wp-json\/wp\/v2\/types\/page"}],"author":[{"embeddable":true,"href":"https:\/\/safetyfirst.ch\/de\/wp-json\/wp\/v2\/users\/5"}],"replies":[{"embeddable":true,"href":"https:\/\/safetyfirst.ch\/de\/wp-json\/wp\/v2\/comments?post=6822"}],"version-history":[{"count":1,"href":"https:\/\/safetyfirst.ch\/de\/wp-json\/wp\/v2\/pages\/6822\/revisions"}],"predecessor-version":[{"id":6824,"href":"https:\/\/safetyfirst.ch\/de\/wp-json\/wp\/v2\/pages\/6822\/revisions\/6824"}],"up":[{"embeddable":true,"href":"https:\/\/safetyfirst.ch\/de\/wp-json\/wp\/v2\/pages\/6618"}],"wp:attachment":[{"href":"https:\/\/safetyfirst.ch\/de\/wp-json\/wp\/v2\/media?parent=6822"}],"wp:term":[{"taxonomy":"folder","embeddable":true,"href":"https:\/\/safetyfirst.ch\/de\/wp-json\/wp\/v2\/folder?post=6822"}],"curies":[{"name":"wp","href":"https:\/\/api.w.org\/{rel}","templated":true}]}}